{"id":93,"date":"2014-03-02T17:28:35","date_gmt":"2014-03-02T16:28:35","guid":{"rendered":"http:\/\/barbette.org\/WP\/?page_id=93"},"modified":"2014-03-06T18:00:07","modified_gmt":"2014-03-06T17:00:07","slug":"transporter-bahamas-1600-ct","status":"publish","type":"page","link":"https:\/\/barbette.org\/WP\/nos-vehicules\/transporter-bahamas-1600-ct\/","title":{"rendered":"VW Transporter Bahamas 1600 CT"},"content":{"rendered":"<p style=\"text-align: justify;\">Pour nos vir\u00e9es en week-end avec notre chien, mes d\u00e9placements lors de comp\u00e9titions roller, nous avons fait l&rsquo;acquisition d&rsquo;un Volkswagen Transporter, aussi appel\u00e9 T3 ou Popo par la communaut\u00e9 de passionn\u00e9s. Il s&rsquo;agit d&rsquo;un mod\u00e8le Bahamas de 1981, \u00e9quip\u00e9 d&rsquo;un moteur aircooled de 1600cc (moteur CT)<\/p>\n<p style=\"text-align: justify;\">Nous voil\u00e0 par\u00e9s pour l&rsquo;aventure !!<\/p>\n","protected":false},"excerpt":{"rendered":"<p>Pour nos vir\u00e9es en week-end avec notre chien, mes d\u00e9placements lors de comp\u00e9titions roller, nous avons fait l&rsquo;acquisition d&rsquo;un Volkswagen Transporter, aussi appel\u00e9 T3 ou Popo par la communaut\u00e9 de passionn\u00e9s. Il s&rsquo;agit d&rsquo;un mod\u00e8le Bahamas de 1981, \u00e9quip\u00e9 d&rsquo;un moteur aircooled de 1600cc (moteur CT) Nous voil\u00e0 par\u00e9s pour l&rsquo;aventure !!<\/p>\n","protected":false},"author":4,"featured_media":0,"parent":42,"menu_order":0,"comment_status":"open","ping_status":"open","template":"","meta":{"_monsterinsights_skip_tracking":false,"_monsterinsights_sitenote_active":false,"_monsterinsights_sitenote_note":"","_monsterinsights_sitenote_category":0,"footnotes":""},"_links":{"self":[{"href":"https:\/\/barbette.org\/WP\/wp-json\/wp\/v2\/pages\/93"}],"collection":[{"href":"https:\/\/barbette.org\/WP\/wp-json\/wp\/v2\/pages"}],"about":[{"href":"https:\/\/barbette.org\/WP\/wp-json\/wp\/v2\/types\/page"}],"author":[{"embeddable":true,"href":"https:\/\/barbette.org\/WP\/wp-json\/wp\/v2\/users\/4"}],"replies":[{"embeddable":true,"href":"https:\/\/barbette.org\/WP\/wp-json\/wp\/v2\/comments?post=93"}],"version-history":[{"count":5,"href":"https:\/\/barbette.org\/WP\/wp-json\/wp\/v2\/pages\/93\/revisions"}],"predecessor-version":[{"id":117,"href":"https:\/\/barbette.org\/WP\/wp-json\/wp\/v2\/pages\/93\/revisions\/117"}],"up":[{"embeddable":true,"href":"https:\/\/barbette.org\/WP\/wp-json\/wp\/v2\/pages\/42"}],"wp:attachment":[{"href":"https:\/\/barbette.org\/WP\/wp-json\/wp\/v2\/media?parent=93"}],"curies":[{"name":"wp","href":"https:\/\/api.w.org\/{rel}","templated":true}]}}