{"id":84,"date":"2014-02-18T23:40:54","date_gmt":"2014-02-18T22:40:54","guid":{"rendered":"http:\/\/barbette.org\/WP\/?page_id=84"},"modified":"2014-02-18T23:41:15","modified_gmt":"2014-02-18T22:41:15","slug":"seat-ibiza-sc-black-white","status":"publish","type":"page","link":"http:\/\/barbette.org\/WP\/nos-vehicules\/seat-ibiza-sc-black-white\/","title":{"rendered":"Seat Ibiza SC Black &#038; White"},"content":{"rendered":"<p>Apr\u00e8s avoir roul\u00e9 pendant plusieurs ann\u00e9es au volant d&rsquo;une Seat Leon Top Sport TDI 150 de 2002 et d&rsquo;une Seat Ibiza Signo TDI 100 de 2004, nous avons jet\u00e9 notre d\u00e9volu sur le dernier mod\u00e8le d&rsquo;Ibiza du constructeur germano-hispanique. Nous voulions une version un temps soit peu sportive, aussi bien c\u00f4t\u00e9 look que motorisation.<\/p>\n<p>La s\u00e9rie limit\u00e9e Black &amp; White, sur base de\u00a0FR, dans sa d\u00e9clinaison 3 portes nomm\u00e9e SC (pour Sport Coup\u00e9) r\u00e9pondait au premier crit\u00e8re : look r\u00e2bl\u00e9 avec sa vitre arri\u00e8re plongeante, ses pare-chocs aux lignes ac\u00e9r\u00e9es et ses ailes arri\u00e8res \u00e9largies par rapport au pavillon. Cette s\u00e9rie limit\u00e9e ajoute \u00e9galement des \u00e9quipements sympathiques comme les projecteurs bi-x\u00e9non soulign\u00e9s par une rampe de LED, des jantes bi-colores bien dessin\u00e9es, et quelques petites touches \u00e0 l&rsquo;int\u00e9rieur de l&rsquo;habitacle. Voil\u00e0 pour l&rsquo;aspect esth\u00e9tique.<\/p>\n<p>Sous le capot, nous avons \u00e9limin\u00e9 d&rsquo;entr\u00e9e de jeu la motorisation essence la plus puissante, le 1.4 TSI 150, disponible uniquement en bo\u00eete DSG, transmission dont Bibi ne voulait pas. Apr\u00e8s un essai convaincant du 2.0 TDI 143, c&rsquo;est cette configuration que nous avons retenue.<\/p>\n","protected":false},"excerpt":{"rendered":"<p>Apr\u00e8s avoir roul\u00e9 pendant plusieurs ann\u00e9es au volant d&rsquo;une Seat Leon Top Sport TDI 150 de 2002 et d&rsquo;une Seat Ibiza Signo TDI 100 de 2004, nous avons jet\u00e9 notre d\u00e9volu sur le dernier mod\u00e8le d&rsquo;Ibiza du constructeur germano-hispanique. Nous voulions une version un temps soit peu sportive, aussi bien c\u00f4t\u00e9 look que motorisation. La &hellip; <a href=\"http:\/\/barbette.org\/WP\/nos-vehicules\/seat-ibiza-sc-black-white\/\" class=\"more-link\">Continuer la lecture de <span class=\"screen-reader-text\">Seat Ibiza SC Black &#038; White<\/span>  <span class=\"meta-nav\">&rarr;<\/span><\/a><\/p>\n","protected":false},"author":4,"featured_media":0,"parent":42,"menu_order":0,"comment_status":"open","ping_status":"open","template":"","meta":{"_monsterinsights_skip_tracking":false,"_monsterinsights_sitenote_active":false,"_monsterinsights_sitenote_note":"","_monsterinsights_sitenote_category":0,"footnotes":""},"_links":{"self":[{"href":"http:\/\/barbette.org\/WP\/wp-json\/wp\/v2\/pages\/84"}],"collection":[{"href":"http:\/\/barbette.org\/WP\/wp-json\/wp\/v2\/pages"}],"about":[{"href":"http:\/\/barbette.org\/WP\/wp-json\/wp\/v2\/types\/page"}],"author":[{"embeddable":true,"href":"http:\/\/barbette.org\/WP\/wp-json\/wp\/v2\/users\/4"}],"replies":[{"embeddable":true,"href":"http:\/\/barbette.org\/WP\/wp-json\/wp\/v2\/comments?post=84"}],"version-history":[{"count":1,"href":"http:\/\/barbette.org\/WP\/wp-json\/wp\/v2\/pages\/84\/revisions"}],"predecessor-version":[{"id":86,"href":"http:\/\/barbette.org\/WP\/wp-json\/wp\/v2\/pages\/84\/revisions\/86"}],"up":[{"embeddable":true,"href":"http:\/\/barbette.org\/WP\/wp-json\/wp\/v2\/pages\/42"}],"wp:attachment":[{"href":"http:\/\/barbette.org\/WP\/wp-json\/wp\/v2\/media?parent=84"}],"curies":[{"name":"wp","href":"https:\/\/api.w.org\/{rel}","templated":true}]}}