{"id":75,"date":"2014-02-18T23:08:50","date_gmt":"2014-02-18T22:08:50","guid":{"rendered":"http:\/\/barbette.org\/WP\/?page_id=75"},"modified":"2014-02-21T16:01:59","modified_gmt":"2014-02-21T15:01:59","slug":"creation-de-ce-nouveau-site","status":"publish","type":"page","link":"http:\/\/barbette.org\/WP\/creation-de-ce-nouveau-site\/","title":{"rendered":"Cr\u00e9ation de ce nouveau site"},"content":{"rendered":"<p style=\"text-align: justify;\">Bonjour tout le monde.<\/p>\n<p style=\"text-align: justify;\">Je cr\u00e9e ce nouveau site pour plusieurs raisons et objectifs.<\/p>\n<p style=\"text-align: justify;\">La raison premi\u00e8re est de partager avec nos proches (et moins proches) ce que nous faisons lors de nos loisirs, que ce soit chez nous ou lors de nos sorties.<\/p>\n<p style=\"text-align: justify;\">Il y a \u00e9galement un objectif, plus personnel celui-l\u00e0, qui est de me familiariser avec WordPress et apprendre \u00e0 le manipuler, personnaliser, bref arriver \u00e0 le ma\u00eetriser en long et en large.<\/p>\n<p style=\"text-align: justify;\">Bonne lecture et \u00e0 bient\u00f4t.<\/p>\n","protected":false},"excerpt":{"rendered":"<p>Bonjour tout le monde. Je cr\u00e9e ce nouveau site pour plusieurs raisons et objectifs. La raison premi\u00e8re est de partager avec nos proches (et moins proches) ce que nous faisons lors de nos loisirs, que ce soit chez nous ou lors de nos sorties. Il y a \u00e9galement un objectif, plus personnel celui-l\u00e0, qui est &hellip; <a href=\"http:\/\/barbette.org\/WP\/creation-de-ce-nouveau-site\/\" class=\"more-link\">Continuer la lecture de <span class=\"screen-reader-text\">Cr\u00e9ation de ce nouveau site<\/span>  <span class=\"meta-nav\">&rarr;<\/span><\/a><\/p>\n","protected":false},"author":4,"featured_media":0,"parent":0,"menu_order":0,"comment_status":"open","ping_status":"open","template":"","meta":{"_monsterinsights_skip_tracking":false,"_monsterinsights_sitenote_active":false,"_monsterinsights_sitenote_note":"","_monsterinsights_sitenote_category":0,"footnotes":""},"_links":{"self":[{"href":"http:\/\/barbette.org\/WP\/wp-json\/wp\/v2\/pages\/75"}],"collection":[{"href":"http:\/\/barbette.org\/WP\/wp-json\/wp\/v2\/pages"}],"about":[{"href":"http:\/\/barbette.org\/WP\/wp-json\/wp\/v2\/types\/page"}],"author":[{"embeddable":true,"href":"http:\/\/barbette.org\/WP\/wp-json\/wp\/v2\/users\/4"}],"replies":[{"embeddable":true,"href":"http:\/\/barbette.org\/WP\/wp-json\/wp\/v2\/comments?post=75"}],"version-history":[{"count":2,"href":"http:\/\/barbette.org\/WP\/wp-json\/wp\/v2\/pages\/75\/revisions"}],"predecessor-version":[{"id":91,"href":"http:\/\/barbette.org\/WP\/wp-json\/wp\/v2\/pages\/75\/revisions\/91"}],"wp:attachment":[{"href":"http:\/\/barbette.org\/WP\/wp-json\/wp\/v2\/media?parent=75"}],"curies":[{"name":"wp","href":"https:\/\/api.w.org\/{rel}","templated":true}]}}