{"id":70,"date":"2014-02-18T22:40:30","date_gmt":"2014-02-18T21:40:30","guid":{"rendered":"http:\/\/barbette.org\/WP\/?page_id=70"},"modified":"2014-04-16T10:34:29","modified_gmt":"2014-04-16T08:34:29","slug":"honda-cfb-1000-abs","status":"publish","type":"page","link":"http:\/\/barbette.org\/WP\/nos-vehicules\/honda-cfb-1000-abs\/","title":{"rendered":"Honda CFB 1000 ABS"},"content":{"rendered":"<p style=\"text-align: justify;\">Apr\u00e8s m&rsquo;\u00eatre fait la main pendant un peu plus de trois ans sur un Honda CB 750 Seven Fifty de 1999, je voulais changer de monture.<br \/>\nL&rsquo;id\u00e9e de d\u00e9part \u00e9tait d&rsquo;avoir une moto un peu plus puissante mais surtout plus r\u00e9cente et apte aux longs p\u00e9riples \u00e0 deux.<\/p>\n<p style=\"text-align: justify;\">La CBF 1000, avec sa large selle passager et motoris\u00e9e par le 1000cc retravaill\u00e9 de la CBR (mod\u00e8le 2005 de m\u00e9moire), r\u00e9pond donc pleinement au cahier des charges, m\u00eame si dans l&rsquo;absolu une transmission par cardan aurait \u00e9t\u00e9 id\u00e9ale.<\/p>\n<p style=\"text-align: justify;\">Je suis donc rest\u00e9 chez la m\u00eame marque, dans la m\u00eame lign\u00e9e que le Seven Fifty, avec la m\u00eame couleur en jetant mon d\u00e9volu sur un CBF 1000 Abs de 2010 \u00e9quip\u00e9 de l&rsquo;option GT, c&rsquo;est-\u00e0-dire du kit bagagerie Honda complet (top case de 45 litres pour 2 casques int\u00e9graux, et valises lat\u00e9rales de 33 litres chacune).<br \/>\nAvec seulement 2170km au compteur le jour de l&rsquo;achat, c&rsquo;\u00e9tait une moto quasiment neuve.<\/p>\n<p style=\"text-align: justify;\">Quelques photos de la passation de pouvoir entre Seven Fifty et CBF.<\/p>\n<div id='gallery-1' class='gallery galleryid-70 gallery-columns-3 gallery-size-thumbnail'><figure class='gallery-item'>\n\t\t\t<div class='gallery-icon portrait'>\n\t\t\t\t<a href='http:\/\/barbette.org\/WP\/wp-content\/uploads\/2014\/02\/2012-03-30-18.41.09.jpg' title=\"\" data-rl_title=\"\" class=\"rl-gallery-link\" data-rl_caption=\"\" data-rel=\"lightbox-gallery-1\"><img width=\"150\" height=\"150\" src=\"http:\/\/barbette.org\/WP\/wp-content\/uploads\/2014\/02\/2012-03-30-18.41.09-150x150.jpg\" class=\"attachment-thumbnail size-thumbnail\" alt=\"\" decoding=\"async\" loading=\"lazy\" \/><\/a>\n\t\t\t<\/div><\/figure><figure class='gallery-item'>\n\t\t\t<div class='gallery-icon portrait'>\n\t\t\t\t<a href='http:\/\/barbette.org\/WP\/wp-content\/uploads\/2014\/02\/2012-03-30-18.41.14.jpg' title=\"\" data-rl_title=\"\" class=\"rl-gallery-link\" data-rl_caption=\"\" data-rel=\"lightbox-gallery-1\"><img width=\"150\" height=\"150\" src=\"http:\/\/barbette.org\/WP\/wp-content\/uploads\/2014\/02\/2012-03-30-18.41.14-150x150.jpg\" class=\"attachment-thumbnail size-thumbnail\" alt=\"\" decoding=\"async\" loading=\"lazy\" \/><\/a>\n\t\t\t<\/div><\/figure><figure class='gallery-item'>\n\t\t\t<div class='gallery-icon landscape'>\n\t\t\t\t<a href='http:\/\/barbette.org\/WP\/wp-content\/uploads\/2014\/02\/2012-08-15-11.43.58.jpg' title=\"\" data-rl_title=\"\" class=\"rl-gallery-link\" data-rl_caption=\"\" data-rel=\"lightbox-gallery-1\"><img width=\"150\" height=\"150\" src=\"http:\/\/barbette.org\/WP\/wp-content\/uploads\/2014\/02\/2012-08-15-11.43.58-150x150.jpg\" class=\"attachment-thumbnail size-thumbnail\" alt=\"\" decoding=\"async\" loading=\"lazy\" \/><\/a>\n\t\t\t<\/div><\/figure><figure class='gallery-item'>\n\t\t\t<div class='gallery-icon landscape'>\n\t\t\t\t<a href='http:\/\/barbette.org\/WP\/wp-content\/uploads\/2014\/02\/2012-08-15-11.44.26.jpg' title=\"\" data-rl_title=\"\" class=\"rl-gallery-link\" data-rl_caption=\"\" data-rel=\"lightbox-gallery-1\"><img width=\"150\" height=\"150\" src=\"http:\/\/barbette.org\/WP\/wp-content\/uploads\/2014\/02\/2012-08-15-11.44.26-150x150.jpg\" class=\"attachment-thumbnail size-thumbnail\" alt=\"\" decoding=\"async\" loading=\"lazy\" \/><\/a>\n\t\t\t<\/div><\/figure><figure class='gallery-item'>\n\t\t\t<div class='gallery-icon landscape'>\n\t\t\t\t<a href='http:\/\/barbette.org\/WP\/wp-content\/uploads\/2014\/02\/2012-08-15-11.44.48.jpg' title=\"\" data-rl_title=\"\" class=\"rl-gallery-link\" data-rl_caption=\"\" data-rel=\"lightbox-gallery-1\"><img width=\"150\" height=\"150\" src=\"http:\/\/barbette.org\/WP\/wp-content\/uploads\/2014\/02\/2012-08-15-11.44.48-150x150.jpg\" class=\"attachment-thumbnail size-thumbnail\" alt=\"\" decoding=\"async\" loading=\"lazy\" \/><\/a>\n\t\t\t<\/div><\/figure><figure class='gallery-item'>\n\t\t\t<div class='gallery-icon landscape'>\n\t\t\t\t<a href='http:\/\/barbette.org\/WP\/wp-content\/uploads\/2014\/02\/2012-08-15-11.45.13.jpg' title=\"\" data-rl_title=\"\" class=\"rl-gallery-link\" data-rl_caption=\"\" data-rel=\"lightbox-gallery-1\"><img width=\"150\" height=\"150\" src=\"http:\/\/barbette.org\/WP\/wp-content\/uploads\/2014\/02\/2012-08-15-11.45.13-150x150.jpg\" class=\"attachment-thumbnail size-thumbnail\" alt=\"\" decoding=\"async\" loading=\"lazy\" \/><\/a>\n\t\t\t<\/div><\/figure>\n\t\t<\/div>\n\n","protected":false},"excerpt":{"rendered":"<p>Apr\u00e8s m&rsquo;\u00eatre fait la main pendant un peu plus de trois ans sur un Honda CB 750 Seven Fifty de 1999, je voulais changer de monture. L&rsquo;id\u00e9e de d\u00e9part \u00e9tait d&rsquo;avoir une moto un peu plus puissante mais surtout plus r\u00e9cente et apte aux longs p\u00e9riples \u00e0 deux. La CBF 1000, avec sa large selle &hellip; <a href=\"http:\/\/barbette.org\/WP\/nos-vehicules\/honda-cfb-1000-abs\/\" class=\"more-link\">Continuer la lecture de <span class=\"screen-reader-text\">Honda CFB 1000 ABS<\/span>  <span class=\"meta-nav\">&rarr;<\/span><\/a><\/p>\n","protected":false},"author":4,"featured_media":0,"parent":42,"menu_order":0,"comment_status":"open","ping_status":"open","template":"","meta":{"_monsterinsights_skip_tracking":false,"_monsterinsights_sitenote_active":false,"_monsterinsights_sitenote_note":"","_monsterinsights_sitenote_category":0,"footnotes":""},"_links":{"self":[{"href":"http:\/\/barbette.org\/WP\/wp-json\/wp\/v2\/pages\/70"}],"collection":[{"href":"http:\/\/barbette.org\/WP\/wp-json\/wp\/v2\/pages"}],"about":[{"href":"http:\/\/barbette.org\/WP\/wp-json\/wp\/v2\/types\/page"}],"author":[{"embeddable":true,"href":"http:\/\/barbette.org\/WP\/wp-json\/wp\/v2\/users\/4"}],"replies":[{"embeddable":true,"href":"http:\/\/barbette.org\/WP\/wp-json\/wp\/v2\/comments?post=70"}],"version-history":[{"count":4,"href":"http:\/\/barbette.org\/WP\/wp-json\/wp\/v2\/pages\/70\/revisions"}],"predecessor-version":[{"id":268,"href":"http:\/\/barbette.org\/WP\/wp-json\/wp\/v2\/pages\/70\/revisions\/268"}],"up":[{"embeddable":true,"href":"http:\/\/barbette.org\/WP\/wp-json\/wp\/v2\/pages\/42"}],"wp:attachment":[{"href":"http:\/\/barbette.org\/WP\/wp-json\/wp\/v2\/media?parent=70"}],"curies":[{"name":"wp","href":"https:\/\/api.w.org\/{rel}","templated":true}]}}