{"id":63,"date":"2014-02-18T22:34:21","date_gmt":"2014-02-18T21:34:21","guid":{"rendered":"http:\/\/barbette.org\/WP\/?page_id=63"},"modified":"2014-02-18T23:19:49","modified_gmt":"2014-02-18T22:19:49","slug":"nos-animaux","status":"publish","type":"page","link":"http:\/\/barbette.org\/WP\/nos-animaux\/","title":{"rendered":"Nos animaux"},"content":{"rendered":"<p style=\"text-align: justify;\">Nous sommes tous deux des amoureux des animaux, particuli\u00e8rement chiens et chats.<\/p>\n<p style=\"text-align: justify;\">Chez nous habitent un chien (Bob), un chat et une chatte (Figaro et Floyd), des poissons (en aquarium en attendant un jour des poissons de bassin ext\u00e9rieur), et peut-\u00eatre bient\u00f4t des gallinac\u00e9es.<\/p>\n<p style=\"text-align: justify;\">Une pens\u00e9e pour nos chats regrett\u00e9s, Minette et Barry.<\/p>\n<p style=\"text-align: justify;\">Vous noterez au passage, exception faite de Minette, la r\u00e9f\u00e9rence au monde musical dans le choix des noms.<\/p>\n","protected":false},"excerpt":{"rendered":"<p>Nous sommes tous deux des amoureux des animaux, particuli\u00e8rement chiens et chats. Chez nous habitent un chien (Bob), un chat et une chatte (Figaro et Floyd), des poissons (en aquarium en attendant un jour des poissons de bassin ext\u00e9rieur), et peut-\u00eatre bient\u00f4t des gallinac\u00e9es. Une pens\u00e9e pour nos chats regrett\u00e9s, Minette et Barry. Vous noterez &hellip; <a href=\"http:\/\/barbette.org\/WP\/nos-animaux\/\" class=\"more-link\">Continuer la lecture de <span class=\"screen-reader-text\">Nos animaux<\/span>  <span class=\"meta-nav\">&rarr;<\/span><\/a><\/p>\n","protected":false},"author":4,"featured_media":0,"parent":0,"menu_order":0,"comment_status":"open","ping_status":"open","template":"","meta":{"_monsterinsights_skip_tracking":false,"_monsterinsights_sitenote_active":false,"_monsterinsights_sitenote_note":"","_monsterinsights_sitenote_category":0,"footnotes":""},"_links":{"self":[{"href":"http:\/\/barbette.org\/WP\/wp-json\/wp\/v2\/pages\/63"}],"collection":[{"href":"http:\/\/barbette.org\/WP\/wp-json\/wp\/v2\/pages"}],"about":[{"href":"http:\/\/barbette.org\/WP\/wp-json\/wp\/v2\/types\/page"}],"author":[{"embeddable":true,"href":"http:\/\/barbette.org\/WP\/wp-json\/wp\/v2\/users\/4"}],"replies":[{"embeddable":true,"href":"http:\/\/barbette.org\/WP\/wp-json\/wp\/v2\/comments?post=63"}],"version-history":[{"count":2,"href":"http:\/\/barbette.org\/WP\/wp-json\/wp\/v2\/pages\/63\/revisions"}],"predecessor-version":[{"id":81,"href":"http:\/\/barbette.org\/WP\/wp-json\/wp\/v2\/pages\/63\/revisions\/81"}],"wp:attachment":[{"href":"http:\/\/barbette.org\/WP\/wp-json\/wp\/v2\/media?parent=63"}],"curies":[{"name":"wp","href":"https:\/\/api.w.org\/{rel}","templated":true}]}}