{"id":21,"date":"2014-02-18T14:33:08","date_gmt":"2014-02-18T13:33:08","guid":{"rendered":"http:\/\/barbette.org\/WP\/?page_id=21"},"modified":"2014-04-08T14:17:12","modified_gmt":"2014-04-08T12:17:12","slug":"roller","status":"publish","type":"page","link":"http:\/\/barbette.org\/WP\/activites-sportives\/roller\/","title":{"rendered":"Roller"},"content":{"rendered":"<p style=\"text-align: justify;\">Apr\u00e8s avoir fait du roller en loisir seul ou en petits groupes, j&rsquo;ai int\u00e9gr\u00e9 un club de la r\u00e9gion Rouennaise de 2004 \u00e0 2008, le ROC Petit Quevilly (Roller Olympique Club), puis depuis septembre 2011 un petit club non loin de chez nous, le <a title=\"BRS\" href=\"http:\/\/boisseyrollerskating.e-monsite.com\/\" target=\"_blank\">BRS<\/a> (Boissey Roller Skating).<\/p>\n<p style=\"text-align: justify;\">C&rsquo;est d\u00e9sormais avec le BRS que j&rsquo;\u00e9volue dans le monde du roller, sans aucune pr\u00e9tention autre que celle de prendre plaisir \u00e0 rouler, que ce soit lors des <a title=\"entra\u00eenements roller\" href=\"http:\/\/barbette.org\/WP\/category\/sport\/roller_training\/\">entra\u00eenements<\/a> ou des <a title=\"comp\u00e9titions roller\" href=\"http:\/\/barbette.org\/WP\/category\/sport\/roller_race\/\">comp\u00e9titions<\/a>.<\/p>\n","protected":false},"excerpt":{"rendered":"<p>Apr\u00e8s avoir fait du roller en loisir seul ou en petits groupes, j&rsquo;ai int\u00e9gr\u00e9 un club de la r\u00e9gion Rouennaise de 2004 \u00e0 2008, le ROC Petit Quevilly (Roller Olympique Club), puis depuis septembre 2011 un petit club non loin de chez nous, le BRS (Boissey Roller Skating). C&rsquo;est d\u00e9sormais avec le BRS que j&rsquo;\u00e9volue &hellip; <a href=\"http:\/\/barbette.org\/WP\/activites-sportives\/roller\/\" class=\"more-link\">Continuer la lecture de <span class=\"screen-reader-text\">Roller<\/span>  <span class=\"meta-nav\">&rarr;<\/span><\/a><\/p>\n","protected":false},"author":4,"featured_media":0,"parent":16,"menu_order":0,"comment_status":"open","ping_status":"open","template":"","meta":{"_monsterinsights_skip_tracking":false,"_monsterinsights_sitenote_active":false,"_monsterinsights_sitenote_note":"","_monsterinsights_sitenote_category":0,"footnotes":""},"_links":{"self":[{"href":"http:\/\/barbette.org\/WP\/wp-json\/wp\/v2\/pages\/21"}],"collection":[{"href":"http:\/\/barbette.org\/WP\/wp-json\/wp\/v2\/pages"}],"about":[{"href":"http:\/\/barbette.org\/WP\/wp-json\/wp\/v2\/types\/page"}],"author":[{"embeddable":true,"href":"http:\/\/barbette.org\/WP\/wp-json\/wp\/v2\/users\/4"}],"replies":[{"embeddable":true,"href":"http:\/\/barbette.org\/WP\/wp-json\/wp\/v2\/comments?post=21"}],"version-history":[{"count":3,"href":"http:\/\/barbette.org\/WP\/wp-json\/wp\/v2\/pages\/21\/revisions"}],"predecessor-version":[{"id":240,"href":"http:\/\/barbette.org\/WP\/wp-json\/wp\/v2\/pages\/21\/revisions\/240"}],"up":[{"embeddable":true,"href":"http:\/\/barbette.org\/WP\/wp-json\/wp\/v2\/pages\/16"}],"wp:attachment":[{"href":"http:\/\/barbette.org\/WP\/wp-json\/wp\/v2\/media?parent=21"}],"curies":[{"name":"wp","href":"https:\/\/api.w.org\/{rel}","templated":true}]}}