{"id":16,"date":"2014-02-18T14:30:04","date_gmt":"2014-02-18T13:30:04","guid":{"rendered":"http:\/\/barbette.org\/WP\/?page_id=16"},"modified":"2014-02-18T23:18:38","modified_gmt":"2014-02-18T22:18:38","slug":"activites-sportives","status":"publish","type":"page","link":"http:\/\/barbette.org\/WP\/activites-sportives\/","title":{"rendered":"Activit\u00e9s sportives"},"content":{"rendered":"<p style=\"text-align: justify;\">Depuis des ann\u00e9es maintenant, je pratique le roller. R\u00e9cit de cette activit\u00e9 sportive.<\/p>\n<p style=\"text-align: justify;\">J&rsquo;ai d&rsquo;abord commenc\u00e9, vers l&rsquo;\u00e2ge de 8 ans, avec des patins \u00e0 roulettes : roues en plastique, platine m\u00e9tallique r\u00e9glable et lani\u00e8res en cuir pour attacher autour des chaussures.<\/p>\n<p style=\"text-align: justify;\">Puis je suis pass\u00e9 aux quads, et avec l&rsquo;apparition de nouveaux mod\u00e8les, aux rollers. Il s&rsquo;agissait alors d&rsquo;un loisir et je ne pratiquais ce sport qu&rsquo;occasionnellement.<\/p>\n<p style=\"text-align: justify;\">Avec le statut d&rsquo;\u00e9tudiant, j&rsquo;ai alors pas mal utilis\u00e9 le roller comme un v\u00e9ritable sport assorti d&rsquo;un moyen de locomotion \u00e9conomique, \u00e9cologique, et finalement assez rapide. C&rsquo;est alors que j&rsquo;ai d\u00e9couvert qu&rsquo;il \u00e9tait possible de faire des comp\u00e9titions. La premi\u00e8re \u00e0 laquelle j&rsquo;ai particip\u00e9, ce sont les 24h du Mans, \u00e9dition 2001.<\/p>\n<p style=\"text-align: justify;\">Depuis, je me suis lanc\u00e9 des d\u00e9fis, j&rsquo;ai int\u00e9gr\u00e9 un club de roller puis un autre, et je parcours les routes pour participer \u00e0 diverses comp\u00e9titions, du simple semi-marathon jusqu&rsquo;\u00e0 des 24h (par \u00e9quipe jusqu&rsquo;\u00e0 pr\u00e9sent) en passant par des marathons et 6h (en individuel).<\/p>\n<p style=\"text-align: justify;\">A c\u00f4t\u00e9 de cela, avec des coll\u00e8gues, je fais r\u00e9guli\u00e8rement du foot en salle et de la course \u00e0 pied, mais de mani\u00e8re beaucoup plus occasionnelle et dans un but caritatif.<\/p>\n<p style=\"text-align: justify;\">Ces diff\u00e9rentes activit\u00e9s sportives permettent \u00e0 la fois de partager des moments de convivialit\u00e9, de se vider la t\u00eate tout en entretenant la m\u00e9canique du corps, et pour ce qui est de la course \u00e0 pied, de d\u00e9fendre une bonne cause.<\/p>\n<p style=\"text-align: justify;\">Lors de ces diff\u00e9rents d\u00e9placements, il m&rsquo;arrive d&rsquo;avoir un appareil photo \u00e0 port\u00e9e de main. C&rsquo;est \u00e0 travers ces photos que ces \u00e9v\u00e8nements seront retranscris dans cette section.<\/p>\n","protected":false},"excerpt":{"rendered":"<p>Depuis des ann\u00e9es maintenant, je pratique le roller. R\u00e9cit de cette activit\u00e9 sportive. J&rsquo;ai d&rsquo;abord commenc\u00e9, vers l&rsquo;\u00e2ge de 8 ans, avec des patins \u00e0 roulettes : roues en plastique, platine m\u00e9tallique r\u00e9glable et lani\u00e8res en cuir pour attacher autour des chaussures. Puis je suis pass\u00e9 aux quads, et avec l&rsquo;apparition de nouveaux mod\u00e8les, aux &hellip; <a href=\"http:\/\/barbette.org\/WP\/activites-sportives\/\" class=\"more-link\">Continuer la lecture de <span class=\"screen-reader-text\">Activit\u00e9s sportives<\/span>  <span class=\"meta-nav\">&rarr;<\/span><\/a><\/p>\n","protected":false},"author":4,"featured_media":0,"parent":0,"menu_order":0,"comment_status":"open","ping_status":"open","template":"","meta":{"_monsterinsights_skip_tracking":false,"_monsterinsights_sitenote_active":false,"_monsterinsights_sitenote_note":"","_monsterinsights_sitenote_category":0,"footnotes":""},"_links":{"self":[{"href":"http:\/\/barbette.org\/WP\/wp-json\/wp\/v2\/pages\/16"}],"collection":[{"href":"http:\/\/barbette.org\/WP\/wp-json\/wp\/v2\/pages"}],"about":[{"href":"http:\/\/barbette.org\/WP\/wp-json\/wp\/v2\/types\/page"}],"author":[{"embeddable":true,"href":"http:\/\/barbette.org\/WP\/wp-json\/wp\/v2\/users\/4"}],"replies":[{"embeddable":true,"href":"http:\/\/barbette.org\/WP\/wp-json\/wp\/v2\/comments?post=16"}],"version-history":[{"count":4,"href":"http:\/\/barbette.org\/WP\/wp-json\/wp\/v2\/pages\/16\/revisions"}],"predecessor-version":[{"id":79,"href":"http:\/\/barbette.org\/WP\/wp-json\/wp\/v2\/pages\/16\/revisions\/79"}],"wp:attachment":[{"href":"http:\/\/barbette.org\/WP\/wp-json\/wp\/v2\/media?parent=16"}],"curies":[{"name":"wp","href":"https:\/\/api.w.org\/{rel}","templated":true}]}}