{"id":12,"date":"2014-02-18T12:00:07","date_gmt":"2014-02-18T11:00:07","guid":{"rendered":"http:\/\/barbette.org\/WP\/?page_id=12"},"modified":"2014-04-08T13:36:05","modified_gmt":"2014-04-08T11:36:05","slug":"du-cote-jardin","status":"publish","type":"page","link":"http:\/\/barbette.org\/WP\/du-cote-jardin\/","title":{"rendered":"Du c\u00f4t\u00e9 jardin"},"content":{"rendered":"<p style=\"text-align: justify;\">Dans cette cat\u00e9gorie, nous vous ferons part de nos derniers travaux en mati\u00e8re de jardin, que ce soit <a title=\"Agencement du jardin\" href=\"http:\/\/barbette.org\/WP\/category\/garden\/layout\/\">l&rsquo;am\u00e9nagement de celui-ci<\/a>, les diff\u00e9rentes cultures mises en place dans notre <a title=\"Potager\" href=\"http:\/\/barbette.org\/WP\/category\/garden\/kitchen_garden\/\">potager<\/a>, ou les \u00e9volutions futures &#8230;<\/p>\n","protected":false},"excerpt":{"rendered":"<p>Dans cette cat\u00e9gorie, nous vous ferons part de nos derniers travaux en mati\u00e8re de jardin, que ce soit l&rsquo;am\u00e9nagement de celui-ci, les diff\u00e9rentes cultures mises en place dans notre potager, ou les \u00e9volutions futures &#8230;<\/p>\n","protected":false},"author":4,"featured_media":0,"parent":0,"menu_order":0,"comment_status":"open","ping_status":"open","template":"","meta":{"_monsterinsights_skip_tracking":false,"_monsterinsights_sitenote_active":false,"_monsterinsights_sitenote_note":"","_monsterinsights_sitenote_category":0,"footnotes":""},"_links":{"self":[{"href":"http:\/\/barbette.org\/WP\/wp-json\/wp\/v2\/pages\/12"}],"collection":[{"href":"http:\/\/barbette.org\/WP\/wp-json\/wp\/v2\/pages"}],"about":[{"href":"http:\/\/barbette.org\/WP\/wp-json\/wp\/v2\/types\/page"}],"author":[{"embeddable":true,"href":"http:\/\/barbette.org\/WP\/wp-json\/wp\/v2\/users\/4"}],"replies":[{"embeddable":true,"href":"http:\/\/barbette.org\/WP\/wp-json\/wp\/v2\/comments?post=12"}],"version-history":[{"count":3,"href":"http:\/\/barbette.org\/WP\/wp-json\/wp\/v2\/pages\/12\/revisions"}],"predecessor-version":[{"id":238,"href":"http:\/\/barbette.org\/WP\/wp-json\/wp\/v2\/pages\/12\/revisions\/238"}],"wp:attachment":[{"href":"http:\/\/barbette.org\/WP\/wp-json\/wp\/v2\/media?parent=12"}],"curies":[{"name":"wp","href":"https:\/\/api.w.org\/{rel}","templated":true}]}}